{"id":263498,"date":"2026-04-29T10:11:39","date_gmt":"2026-04-29T08:11:39","guid":{"rendered":"https:\/\/www.holderhof.ch\/entreprise\/zertifikate\/"},"modified":"2026-05-11T07:24:37","modified_gmt":"2026-05-11T05:24:37","slug":"certificats","status":"publish","type":"page","link":"https:\/\/www.holderhof.ch\/fr\/entreprise\/certificats\/","title":{"rendered":"Certificats"},"content":{"rendered":"<div class=\"et_pb_section_0 et_pb_section et_section_regular et_block_section\">\n<div class=\"et_pb_row_0 et_pb_row et_pb_equal_columns et_pb_gutters1 et_block_row preset--module--divi-row--default\">\n<div class=\"et_pb_column_0 et_pb_column et_pb_column_1_2 et_block_column et_pb_column_empty et_pb_css_mix_blend_mode_passthrough\"><\/div>\n\n<div class=\"et_pb_column_1 et_pb_column et_pb_column_1_2 et-last-child et_block_column et_pb_css_mix_blend_mode_passthrough\">\n<div class=\"et_pb_text_0 et_pb_text et_pb_bg_layout_dark et_pb_module et_block_module preset--module--divi-text--default\"><div class=\"et_pb_text_inner\"><h1>Certificats<\/h1>\n<p>Du champ \u00e0 la bouteille \u2013 une qualit\u00e9 contr\u00f4l\u00e9e.\u00a0<\/p>\n<\/div><\/div>\n<\/div>\n<\/div>\n<\/div>\n\n<div class=\"et_pb_section_1 et_pb_section et_section_regular et_block_section\" id=\"inhalt\">\n<div class=\"et_pb_row_1 et_pb_row et_pb_gutters2 et_block_row preset--module--divi-row--default\">\n<div class=\"et_pb_column_2 et_pb_column et_pb_column_4_4 et-last-child et_block_column et_pb_css_mix_blend_mode_passthrough\">\n<div class=\"et_pb_text_1 et_pb_text et_pb_bg_layout_light et_pb_module et_block_module preset--module--divi-text--default\"><div class=\"et_pb_text_inner\"><p>Chez Holderhof, nous avons les plus hautes exigences en mati\u00e8re de qualit\u00e9 \u2013 qu\u2019il s\u2019agisse de nos mati\u00e8res premi\u00e8res, de nos processus ou de chacun de nos produits. Des certifications ind\u00e9pendantes viennent attester de cet engagement. Elles confirment que nous travaillons selon des normes reconnues et que nos prestations sont r\u00e9guli\u00e8rement contr\u00f4l\u00e9es \u2013 en toute transparence pour nos deux sites de production de Henau et de Sulgen.<\/p>\n<p>Vous trouverez ici nos certifications conformes aux derni\u00e8res directives.<\/p>\n<\/div><\/div>\n<\/div>\n<\/div>\n<\/div>\n\n<div class=\"et_pb_section_2 et_pb_section et_section_regular et_block_section\" id=\"inhalt\">\n<div class=\"et_pb_row_2 et_pb_row et_flex_row preset--module--divi-row--default\">\n<div class=\"et_pb_column_3 et_pb_column et_block_column et_pb_css_mix_blend_mode_passthrough et_flex_column_12_24 et_flex_column_12_24_tablet et_flex_column_24_24_phone\">\n<div class=\"et_pb_text_2 et_pb_text et_pb_bg_layout_light et_pb_module et_block_module et_pb_text_align_center preset--module--divi-text--default\"><div class=\"et_pb_text_inner\"><h2>IFS-Food<\/h2>\n<\/div><\/div>\n\n<div class=\"et_pb_text_3 et_pb_text et_pb_bg_layout_light et_pb_module et_flex_module preset--module--divi-text--default\"><div class=\"et_pb_text_inner\"><div class=\"text1\">\n<p>T\u00e9l\u00e9charger ici le certificat IFS Food pour Henau et Sulgen.<\/p>\n<\/div>\n<\/div><\/div>\n\n<div class=\"et_pb_module et_pb_button_module_wrapper et_pb_button_0_wrapper\"><a class=\"et_pb_button_0 et_pb_button et_pb_bg_layout_light et_pb_module et_flex_module\" href=\"https:\/\/www.holderhof.ch\/wp-content\/uploads\/2026\/04\/IFS-Food-Zertifikat-de_Holderhof-Produkte-AG.pdf\">Certificat IFS Henau<\/a><\/div>\n\n<div class=\"et_pb_module et_pb_button_module_wrapper et_pb_button_1_wrapper\"><a class=\"et_pb_button_1 et_pb_button et_pb_bg_layout_light et_pb_module et_flex_module\" href=\"https:\/\/www.holderhof.ch\/wp-content\/uploads\/2026\/04\/IFS-Food-Zertifikat-de_Holderhof-Sulgen-AG.pdf\">Certificat IFS Sulgen<\/a><\/div>\n<\/div>\n\n<div class=\"et_pb_column_4 et_pb_column et-last-child et_block_column et_pb_css_mix_blend_mode_passthrough et_flex_column_12_24 et_flex_column_12_24_tablet et_flex_column_24_24_phone\">\n<div class=\"et_pb_text_4 et_pb_text et_pb_bg_layout_light et_pb_module et_block_module et_pb_text_align_center preset--module--divi-text--default\"><div class=\"et_pb_text_inner\"><h2>Bio<\/h2>\n<\/div><\/div>\n\n<div class=\"et_pb_text_5 et_pb_text et_pb_bg_layout_light et_pb_module et_flex_module preset--module--divi-text--default\"><div class=\"et_pb_text_inner\"><div class=\"text1\">\n<p>T\u00e9l\u00e9charger ici le certificat bio pour Henau et Sulgen.<\/p>\n<\/div>\n<\/div><\/div>\n\n<div class=\"et_pb_module et_pb_button_module_wrapper et_pb_button_2_wrapper\"><a class=\"et_pb_button_2 et_pb_button et_pb_bg_layout_light et_pb_module et_flex_module\" href=\"https:\/\/www.holderhof.ch\/wp-content\/uploads\/2026\/04\/Bio-Zertifikat_Holderhof-Produktions-AG_31.12.2026.pdf\">Certificat bio Henau<\/a><\/div>\n\n<div class=\"et_pb_module et_pb_button_module_wrapper et_pb_button_3_wrapper\"><a class=\"et_pb_button_3 et_pb_button et_pb_bg_layout_light et_pb_module et_flex_module\" href=\"https:\/\/www.holderhof.ch\/wp-content\/uploads\/2026\/04\/Bio-Zertifikat_Holderhof-Sulgen-AG.pdf\">Certificat bio Sulgen<\/a><\/div>\n<\/div>\n<\/div>\n<\/div>","protected":false},"excerpt":{"rendered":"","protected":false},"author":1,"featured_media":0,"parent":256491,"menu_order":0,"comment_status":"closed","ping_status":"closed","template":"","meta":{"footnotes":""},"class_list":["post-263498","page","type-page","status-publish","hentry"],"yoast_head":"<!-- This site is optimized with the Yoast SEO plugin v27.5 - https:\/\/yoast.com\/product\/yoast-seo-wordpress\/ -->\n<title>Certificats - Produits Holderhof SA<\/title>\n<meta name=\"robots\" content=\"index, follow, max-snippet:-1, max-image-preview:large, max-video-preview:-1\" \/>\n<link rel=\"canonical\" href=\"https:\/\/www.holderhof.ch\/fr\/entreprise\/certificats\/\" \/>\n<meta property=\"og:locale\" content=\"fr_FR\" \/>\n<meta property=\"og:type\" content=\"article\" \/>\n<meta property=\"og:title\" content=\"Certificats - Produits Holderhof SA\" \/>\n<meta property=\"og:url\" content=\"https:\/\/www.holderhof.ch\/fr\/entreprise\/certificats\/\" \/>\n<meta property=\"og:site_name\" content=\"Produits Holderhof SA\" \/>\n<meta property=\"article:publisher\" content=\"https:\/\/www.facebook.com\/holderhofprodukte\/\" \/>\n<meta property=\"article:modified_time\" content=\"2026-05-11T05:24:37+00:00\" \/>\n<meta name=\"twitter:card\" content=\"summary_large_image\" \/>\n<script type=\"application\/ld+json\" class=\"yoast-schema-graph\">{\"@context\":\"https:\\\/\\\/schema.org\",\"@graph\":[{\"@type\":\"WebPage\",\"@id\":\"https:\\\/\\\/www.holderhof.ch\\\/fr\\\/entreprise\\\/certificats\\\/\",\"url\":\"https:\\\/\\\/www.holderhof.ch\\\/fr\\\/entreprise\\\/certificats\\\/\",\"name\":\"Certificats - Produits Holderhof SA\",\"isPartOf\":{\"@id\":\"https:\\\/\\\/www.holderhof.ch\\\/fr\\\/#website\"},\"datePublished\":\"2026-04-29T08:11:39+00:00\",\"dateModified\":\"2026-05-11T05:24:37+00:00\",\"breadcrumb\":{\"@id\":\"https:\\\/\\\/www.holderhof.ch\\\/fr\\\/entreprise\\\/certificats\\\/#breadcrumb\"},\"inLanguage\":\"fr-FR\",\"potentialAction\":[{\"@type\":\"ReadAction\",\"target\":[\"https:\\\/\\\/www.holderhof.ch\\\/fr\\\/entreprise\\\/certificats\\\/\"]}]},{\"@type\":\"BreadcrumbList\",\"@id\":\"https:\\\/\\\/www.holderhof.ch\\\/fr\\\/entreprise\\\/certificats\\\/#breadcrumb\",\"itemListElement\":[{\"@type\":\"ListItem\",\"position\":1,\"name\":\"Startseite\",\"item\":\"https:\\\/\\\/www.holderhof.ch\\\/fr\\\/\"},{\"@type\":\"ListItem\",\"position\":2,\"name\":\"Entreprise\u00a0\",\"item\":\"https:\\\/\\\/www.holderhof.ch\\\/fr\\\/unternehmen\\\/\"},{\"@type\":\"ListItem\",\"position\":3,\"name\":\"Certificats\"}]},{\"@type\":\"WebSite\",\"@id\":\"https:\\\/\\\/www.holderhof.ch\\\/fr\\\/#website\",\"url\":\"https:\\\/\\\/www.holderhof.ch\\\/fr\\\/\",\"name\":\"Produits Holderhof SA\",\"description\":\"Lebensmittelhersteller mit der Philosophie &quot;Vom Feld in die Flasche&quot;\",\"publisher\":{\"@id\":\"https:\\\/\\\/www.holderhof.ch\\\/fr\\\/#organization\"},\"potentialAction\":[{\"@type\":\"SearchAction\",\"target\":{\"@type\":\"EntryPoint\",\"urlTemplate\":\"https:\\\/\\\/www.holderhof.ch\\\/fr\\\/?s={search_term_string}\"},\"query-input\":{\"@type\":\"PropertyValueSpecification\",\"valueRequired\":true,\"valueName\":\"search_term_string\"}}],\"inLanguage\":\"fr-FR\"},{\"@type\":\"Organization\",\"@id\":\"https:\\\/\\\/www.holderhof.ch\\\/fr\\\/#organization\",\"name\":\"Holderhof Produkte AG\",\"url\":\"https:\\\/\\\/www.holderhof.ch\\\/fr\\\/\",\"logo\":{\"@type\":\"ImageObject\",\"inLanguage\":\"fr-FR\",\"@id\":\"https:\\\/\\\/www.holderhof.ch\\\/fr\\\/#\\\/schema\\\/logo\\\/image\\\/\",\"url\":\"https:\\\/\\\/www.holderhof.ch\\\/wp-content\\\/uploads\\\/2021\\\/10\\\/holderhof-vom-feld-in-die-flasche.svg\",\"contentUrl\":\"https:\\\/\\\/www.holderhof.ch\\\/wp-content\\\/uploads\\\/2021\\\/10\\\/holderhof-vom-feld-in-die-flasche.svg\",\"width\":1,\"height\":1,\"caption\":\"Holderhof Produkte AG\"},\"image\":{\"@id\":\"https:\\\/\\\/www.holderhof.ch\\\/fr\\\/#\\\/schema\\\/logo\\\/image\\\/\"},\"sameAs\":[\"https:\\\/\\\/www.facebook.com\\\/holderhofprodukte\\\/\"]}]}<\/script>\n<!-- \/ Yoast SEO plugin. -->","yoast_head_json":{"title":"Certificats - Produits Holderhof SA","robots":{"index":"index","follow":"follow","max-snippet":"max-snippet:-1","max-image-preview":"max-image-preview:large","max-video-preview":"max-video-preview:-1"},"canonical":"https:\/\/www.holderhof.ch\/fr\/entreprise\/certificats\/","og_locale":"fr_FR","og_type":"article","og_title":"Certificats - Produits Holderhof SA","og_url":"https:\/\/www.holderhof.ch\/fr\/entreprise\/certificats\/","og_site_name":"Produits Holderhof SA","article_publisher":"https:\/\/www.facebook.com\/holderhofprodukte\/","article_modified_time":"2026-05-11T05:24:37+00:00","twitter_card":"summary_large_image","schema":{"@context":"https:\/\/schema.org","@graph":[{"@type":"WebPage","@id":"https:\/\/www.holderhof.ch\/fr\/entreprise\/certificats\/","url":"https:\/\/www.holderhof.ch\/fr\/entreprise\/certificats\/","name":"Certificats - Produits Holderhof SA","isPartOf":{"@id":"https:\/\/www.holderhof.ch\/fr\/#website"},"datePublished":"2026-04-29T08:11:39+00:00","dateModified":"2026-05-11T05:24:37+00:00","breadcrumb":{"@id":"https:\/\/www.holderhof.ch\/fr\/entreprise\/certificats\/#breadcrumb"},"inLanguage":"fr-FR","potentialAction":[{"@type":"ReadAction","target":["https:\/\/www.holderhof.ch\/fr\/entreprise\/certificats\/"]}]},{"@type":"BreadcrumbList","@id":"https:\/\/www.holderhof.ch\/fr\/entreprise\/certificats\/#breadcrumb","itemListElement":[{"@type":"ListItem","position":1,"name":"Startseite","item":"https:\/\/www.holderhof.ch\/fr\/"},{"@type":"ListItem","position":2,"name":"Entreprise\u00a0","item":"https:\/\/www.holderhof.ch\/fr\/unternehmen\/"},{"@type":"ListItem","position":3,"name":"Certificats"}]},{"@type":"WebSite","@id":"https:\/\/www.holderhof.ch\/fr\/#website","url":"https:\/\/www.holderhof.ch\/fr\/","name":"Produits Holderhof SA","description":"Lebensmittelhersteller mit der Philosophie &quot;Vom Feld in die Flasche&quot;","publisher":{"@id":"https:\/\/www.holderhof.ch\/fr\/#organization"},"potentialAction":[{"@type":"SearchAction","target":{"@type":"EntryPoint","urlTemplate":"https:\/\/www.holderhof.ch\/fr\/?s={search_term_string}"},"query-input":{"@type":"PropertyValueSpecification","valueRequired":true,"valueName":"search_term_string"}}],"inLanguage":"fr-FR"},{"@type":"Organization","@id":"https:\/\/www.holderhof.ch\/fr\/#organization","name":"Holderhof Produkte AG","url":"https:\/\/www.holderhof.ch\/fr\/","logo":{"@type":"ImageObject","inLanguage":"fr-FR","@id":"https:\/\/www.holderhof.ch\/fr\/#\/schema\/logo\/image\/","url":"https:\/\/www.holderhof.ch\/wp-content\/uploads\/2021\/10\/holderhof-vom-feld-in-die-flasche.svg","contentUrl":"https:\/\/www.holderhof.ch\/wp-content\/uploads\/2021\/10\/holderhof-vom-feld-in-die-flasche.svg","width":1,"height":1,"caption":"Holderhof Produkte AG"},"image":{"@id":"https:\/\/www.holderhof.ch\/fr\/#\/schema\/logo\/image\/"},"sameAs":["https:\/\/www.facebook.com\/holderhofprodukte\/"]}]}},"_links":{"self":[{"href":"https:\/\/www.holderhof.ch\/fr\/wp-json\/wp\/v2\/pages\/263498","targetHints":{"allow":["GET"]}}],"collection":[{"href":"https:\/\/www.holderhof.ch\/fr\/wp-json\/wp\/v2\/pages"}],"about":[{"href":"https:\/\/www.holderhof.ch\/fr\/wp-json\/wp\/v2\/types\/page"}],"author":[{"embeddable":true,"href":"https:\/\/www.holderhof.ch\/fr\/wp-json\/wp\/v2\/users\/1"}],"replies":[{"embeddable":true,"href":"https:\/\/www.holderhof.ch\/fr\/wp-json\/wp\/v2\/comments?post=263498"}],"version-history":[{"count":4,"href":"https:\/\/www.holderhof.ch\/fr\/wp-json\/wp\/v2\/pages\/263498\/revisions"}],"predecessor-version":[{"id":263543,"href":"https:\/\/www.holderhof.ch\/fr\/wp-json\/wp\/v2\/pages\/263498\/revisions\/263543"}],"up":[{"embeddable":true,"href":"https:\/\/www.holderhof.ch\/fr\/wp-json\/wp\/v2\/pages\/256491"}],"wp:attachment":[{"href":"https:\/\/www.holderhof.ch\/fr\/wp-json\/wp\/v2\/media?parent=263498"}],"curies":[{"name":"wp","href":"https:\/\/api.w.org\/{rel}","templated":true}]}}